{"id":564,"date":"2026-02-13T16:30:01","date_gmt":"2026-02-13T16:30:01","guid":{"rendered":"https:\/\/saintfargeau2026.fr\/?page_id=564"},"modified":"2026-03-14T09:08:36","modified_gmt":"2026-03-14T09:08:36","slug":"finances-et-economie","status":"publish","type":"page","link":"https:\/\/saintfargeau2026.fr\/index.php\/finances-et-economie\/","title":{"rendered":"FINANCES ET ECONOMIE"},"content":{"rendered":"\t\t<div data-elementor-type=\"wp-page\" data-elementor-id=\"564\" class=\"elementor elementor-564\">\n\t\t\t\t<div class=\"elementor-element elementor-element-61fea1f e-flex e-con-boxed e-con e-parent\" data-id=\"61fea1f\" data-element_type=\"container\" data-e-type=\"container\">\n\t\t\t\t\t<div class=\"e-con-inner\">\n\t\t\t\t<div class=\"elementor-element elementor-element-322d46f elementor-widget elementor-widget-heading\" data-id=\"322d46f\" data-element_type=\"widget\" data-e-type=\"widget\" data-widget_type=\"heading.default\">\n\t\t\t\t\t<h2 class=\"elementor-heading-title elementor-size-default\">FINANCES &amp; \u00c9CONOMIE<\/h2>\t\t\t\t<\/div>\n\t\t\t\t<div class=\"elementor-element elementor-element-b8cc10c elementor-widget elementor-widget-image\" data-id=\"b8cc10c\" data-element_type=\"widget\" data-e-type=\"widget\" data-widget_type=\"image.default\">\n\t\t\t\t\t\t\t\t\t\t\t\t\t\t\t<img fetchpriority=\"high\" decoding=\"async\" width=\"1024\" height=\"768\" src=\"https:\/\/saintfargeau2026.fr\/wp-content\/uploads\/2026\/02\/IMG_1870-1-1024x768.webp\" class=\"attachment-large size-large wp-image-1286\" alt=\"\" srcset=\"https:\/\/saintfargeau2026.fr\/wp-content\/uploads\/2026\/02\/IMG_1870-1-1024x768.webp 1024w, https:\/\/saintfargeau2026.fr\/wp-content\/uploads\/2026\/02\/IMG_1870-1-300x225.webp 300w, https:\/\/saintfargeau2026.fr\/wp-content\/uploads\/2026\/02\/IMG_1870-1-768x576.webp 768w, https:\/\/saintfargeau2026.fr\/wp-content\/uploads\/2026\/02\/IMG_1870-1-1536x1152.webp 1536w, https:\/\/saintfargeau2026.fr\/wp-content\/uploads\/2026\/02\/IMG_1870-1-scaled.webp 1920w\" sizes=\"(max-width: 1024px) 100vw, 1024px\" \/>\t\t\t\t\t\t\t\t\t\t\t\t\t\t\t<\/div>\n\t\t\t\t\t<\/div>\n\t\t\t\t<\/div>\n\t\t<div class=\"elementor-element elementor-element-7c058df e-flex e-con-boxed e-con e-parent\" data-id=\"7c058df\" data-element_type=\"container\" data-e-type=\"container\">\n\t\t\t\t\t<div class=\"e-con-inner\">\n\t\t\t\t<div class=\"elementor-element elementor-element-232928a elementor-widget-divider--view-line elementor-widget elementor-widget-divider\" data-id=\"232928a\" data-element_type=\"widget\" data-e-type=\"widget\" data-widget_type=\"divider.default\">\n\t\t\t\t\t\t\t<div class=\"elementor-divider\">\n\t\t\t<span class=\"elementor-divider-separator\">\n\t\t\t\t\t\t<\/span>\n\t\t<\/div>\n\t\t\t\t\t\t<\/div>\n\t\t\t\t<div class=\"elementor-element elementor-element-ee1fd75 elementor-widget elementor-widget-heading\" data-id=\"ee1fd75\" data-element_type=\"widget\" data-e-type=\"widget\" data-widget_type=\"heading.default\">\n\t\t\t\t\t<h2 class=\"elementor-heading-title elementor-size-default\">La gestion des recettes li\u00e9es \u00e0 la mise\n\u00e0 disposition de locaux, terrains ainsi\nque des aires de camping-car<\/h2>\t\t\t\t<\/div>\n\t\t\t\t<div class=\"elementor-element elementor-element-d644cbe elementor-widget elementor-widget-image\" data-id=\"d644cbe\" data-element_type=\"widget\" data-e-type=\"widget\" data-widget_type=\"image.default\">\n\t\t\t\t\t\t\t\t\t\t\t\t\t\t\t<img decoding=\"async\" width=\"1024\" height=\"768\" src=\"https:\/\/saintfargeau2026.fr\/wp-content\/uploads\/2026\/02\/IMG_1887-1024x768.jpeg\" class=\"attachment-large size-large wp-image-1163\" alt=\"\" srcset=\"https:\/\/saintfargeau2026.fr\/wp-content\/uploads\/2026\/02\/IMG_1887-1024x768.jpeg 1024w, https:\/\/saintfargeau2026.fr\/wp-content\/uploads\/2026\/02\/IMG_1887-300x225.jpeg 300w, https:\/\/saintfargeau2026.fr\/wp-content\/uploads\/2026\/02\/IMG_1887-768x576.jpeg 768w, https:\/\/saintfargeau2026.fr\/wp-content\/uploads\/2026\/02\/IMG_1887-1536x1152.jpeg 1536w, https:\/\/saintfargeau2026.fr\/wp-content\/uploads\/2026\/02\/IMG_1887-2048x1536.jpeg 2048w\" sizes=\"(max-width: 1024px) 100vw, 1024px\" \/>\t\t\t\t\t\t\t\t\t\t\t\t\t\t\t<\/div>\n\t\t\t\t<div class=\"elementor-element elementor-element-8214ccd elementor-widget elementor-widget-text-editor\" data-id=\"8214ccd\" data-element_type=\"widget\" data-e-type=\"widget\" data-widget_type=\"text-editor.default\">\n\t\t\t\t\t\t\t\t\t<p>Ce projet est directement li\u00e9 \u00e0 l&#8217;am\u00e9nagement des nouveaux sites qui seront cr\u00e9\u00e9s. par exemple, jusqu&#8217;\u00e0 pr\u00e9sent l&#8217;accueil des campings-car en centre ville est totalement gratuit, nous souhaitons cr\u00e9er une aire d\u00e9di\u00e9e (parking \u00e0 l&#8217;emplacement de l&#8217;ancienne HLM) , et rendre payant l&#8217;acc\u00e8s \u00e0 l&#8217;eau, \u00e0 l&#8217;\u00e9lectricit\u00e9, aux vidanges d&#8217;eaux grises. Les locaux, terrains et autres aires deviendront payantes aux visiteurs ponctuels afin d&#8217;\u00e9quilibrer le co\u00fbt de leurs consommations et que ces frais ne restent pas \u00e0 la seule charge de la commune, et donc des habitants !<\/p>\t\t\t\t\t\t\t\t<\/div>\n\t\t\t\t\t<\/div>\n\t\t\t\t<\/div>\n\t\t<div class=\"elementor-element elementor-element-92f2ac3 e-flex e-con-boxed e-con e-parent\" data-id=\"92f2ac3\" data-element_type=\"container\" data-e-type=\"container\">\n\t\t\t\t\t<div class=\"e-con-inner\">\n\t\t\t\t<div class=\"elementor-element elementor-element-39d913b elementor-widget-divider--view-line elementor-widget elementor-widget-divider\" data-id=\"39d913b\" data-element_type=\"widget\" data-e-type=\"widget\" data-widget_type=\"divider.default\">\n\t\t\t\t\t\t\t<div class=\"elementor-divider\">\n\t\t\t<span class=\"elementor-divider-separator\">\n\t\t\t\t\t\t<\/span>\n\t\t<\/div>\n\t\t\t\t\t\t<\/div>\n\t\t\t\t<div class=\"elementor-element elementor-element-115e5e5 elementor-widget elementor-widget-heading\" data-id=\"115e5e5\" data-element_type=\"widget\" data-e-type=\"widget\" data-widget_type=\"heading.default\">\n\t\t\t\t\t<h2 class=\"elementor-heading-title elementor-size-default\">L\u2019accompagnement des acteurs du\ntissu associatif et \u00e9conomique<\/h2>\t\t\t\t<\/div>\n\t\t\t\t<div class=\"elementor-element elementor-element-0d47939 elementor-widget elementor-widget-video\" data-id=\"0d47939\" data-element_type=\"widget\" data-e-type=\"widget\" data-settings=\"{&quot;video_type&quot;:&quot;hosted&quot;,&quot;controls&quot;:&quot;yes&quot;}\" data-widget_type=\"video.default\">\n\t\t\t\t\t\t\t<div class=\"e-hosted-video elementor-wrapper elementor-open-inline\">\n\t\t\t\t\t<video class=\"elementor-video\" src=\"http:\/\/saintfargeau2026.fr\/wp-content\/uploads\/2026\/03\/MAISON-ASSO.mp4\" controls=\"\" preload=\"metadata\" controlsList=\"nodownload\"><\/video>\n\t\t\t\t<\/div>\n\t\t\t\t\t\t<\/div>\n\t\t\t\t<div class=\"elementor-element elementor-element-e08babd elementor-widget elementor-widget-image\" data-id=\"e08babd\" data-element_type=\"widget\" data-e-type=\"widget\" data-widget_type=\"image.default\">\n\t\t\t\t\t\t\t\t\t\t\t\t\t\t\t<img decoding=\"async\" width=\"1024\" height=\"768\" src=\"https:\/\/saintfargeau2026.fr\/wp-content\/uploads\/2026\/02\/IMG_1987-1024x768.webp\" class=\"attachment-large size-large wp-image-1422\" alt=\"\" srcset=\"https:\/\/saintfargeau2026.fr\/wp-content\/uploads\/2026\/02\/IMG_1987-1024x768.webp 1024w, https:\/\/saintfargeau2026.fr\/wp-content\/uploads\/2026\/02\/IMG_1987-300x225.webp 300w, https:\/\/saintfargeau2026.fr\/wp-content\/uploads\/2026\/02\/IMG_1987-768x576.webp 768w, https:\/\/saintfargeau2026.fr\/wp-content\/uploads\/2026\/02\/IMG_1987-1536x1152.webp 1536w, https:\/\/saintfargeau2026.fr\/wp-content\/uploads\/2026\/02\/IMG_1987.webp 1600w\" sizes=\"(max-width: 1024px) 100vw, 1024px\" \/>\t\t\t\t\t\t\t\t\t\t\t\t\t\t\t<\/div>\n\t\t\t\t<div class=\"elementor-element elementor-element-f01225e elementor-widget elementor-widget-image\" data-id=\"f01225e\" data-element_type=\"widget\" data-e-type=\"widget\" data-widget_type=\"image.default\">\n\t\t\t\t\t\t\t\t\t\t\t\t\t\t\t<img loading=\"lazy\" decoding=\"async\" width=\"799\" height=\"799\" src=\"https:\/\/saintfargeau2026.fr\/wp-content\/uploads\/2026\/02\/IMG_1985.webp\" class=\"attachment-large size-large wp-image-1423\" alt=\"\" srcset=\"https:\/\/saintfargeau2026.fr\/wp-content\/uploads\/2026\/02\/IMG_1985.webp 799w, https:\/\/saintfargeau2026.fr\/wp-content\/uploads\/2026\/02\/IMG_1985-300x300.webp 300w, https:\/\/saintfargeau2026.fr\/wp-content\/uploads\/2026\/02\/IMG_1985-150x150.webp 150w, https:\/\/saintfargeau2026.fr\/wp-content\/uploads\/2026\/02\/IMG_1985-768x768.webp 768w\" sizes=\"(max-width: 799px) 100vw, 799px\" \/>\t\t\t\t\t\t\t\t\t\t\t\t\t\t\t<\/div>\n\t\t\t\t<div class=\"elementor-element elementor-element-638fccc elementor-widget elementor-widget-image\" data-id=\"638fccc\" data-element_type=\"widget\" data-e-type=\"widget\" data-widget_type=\"image.default\">\n\t\t\t\t\t\t\t\t\t\t\t\t\t\t\t<img loading=\"lazy\" decoding=\"async\" width=\"1024\" height=\"768\" src=\"https:\/\/saintfargeau2026.fr\/wp-content\/uploads\/2026\/02\/unnamed-5-4-1024x768.webp\" class=\"attachment-large size-large wp-image-1464\" alt=\"\" srcset=\"https:\/\/saintfargeau2026.fr\/wp-content\/uploads\/2026\/02\/unnamed-5-4-1024x768.webp 1024w, https:\/\/saintfargeau2026.fr\/wp-content\/uploads\/2026\/02\/unnamed-5-4-300x225.webp 300w, https:\/\/saintfargeau2026.fr\/wp-content\/uploads\/2026\/02\/unnamed-5-4-768x576.webp 768w, https:\/\/saintfargeau2026.fr\/wp-content\/uploads\/2026\/02\/unnamed-5-4-1536x1152.webp 1536w, https:\/\/saintfargeau2026.fr\/wp-content\/uploads\/2026\/02\/unnamed-5-4-scaled.webp 1920w\" sizes=\"(max-width: 1024px) 100vw, 1024px\" \/>\t\t\t\t\t\t\t\t\t\t\t\t\t\t\t<\/div>\n\t\t\t\t<div class=\"elementor-element elementor-element-96d8628 elementor-widget elementor-widget-text-editor\" data-id=\"96d8628\" data-element_type=\"widget\" data-e-type=\"widget\" data-widget_type=\"text-editor.default\">\n\t\t\t\t\t\t\t\t\t<p>Nous sommes reconnaissants du r\u00f4le cl\u00e9 que jouent les associations, commer\u00e7ants, artisans, et acteurs culturels dans la vie du village. Qu\u2019il s\u2019agisse de soutenir les personnes dans le besoin, de permettre le partage d\u2019un loisir ou d\u2019affirmer la place de Saint-Fargeau comme vitrine historique et culturelle tout en renfor\u00e7ant son attractivit\u00e9. Ces initiatives m\u00e9ritent d\u2019\u00eatre soutenues. Plus de 136 000 \u20ac ont ainsi \u00e9t\u00e9 allou\u00e9s aux diff\u00e9rentes associations culturelles et sociales durant le mandat pour soutenir cette dynamique. Nous souhaitons poursuivre cet effort.<\/p>\t\t\t\t\t\t\t\t<\/div>\n\t\t\t\t\t<\/div>\n\t\t\t\t<\/div>\n\t\t<div class=\"elementor-element elementor-element-dc9f49f e-flex e-con-boxed e-con e-parent\" data-id=\"dc9f49f\" data-element_type=\"container\" data-e-type=\"container\">\n\t\t\t\t\t<div class=\"e-con-inner\">\n\t\t\t\t<div class=\"elementor-element elementor-element-9201a17 elementor-widget-divider--view-line elementor-widget elementor-widget-divider\" data-id=\"9201a17\" data-element_type=\"widget\" data-e-type=\"widget\" data-widget_type=\"divider.default\">\n\t\t\t\t\t\t\t<div class=\"elementor-divider\">\n\t\t\t<span class=\"elementor-divider-separator\">\n\t\t\t\t\t\t<\/span>\n\t\t<\/div>\n\t\t\t\t\t\t<\/div>\n\t\t\t\t<div class=\"elementor-element elementor-element-b4468bf elementor-widget elementor-widget-heading\" data-id=\"b4468bf\" data-element_type=\"widget\" data-e-type=\"widget\" data-widget_type=\"heading.default\">\n\t\t\t\t\t<h2 class=\"elementor-heading-title elementor-size-default\">Le lancement de la r\u00e9novation\nthermique de l\u2019\u00e9cole \u00e9l\u00e9mentaire,\nde la garderie<\/h2>\t\t\t\t<\/div>\n\t\t\t\t<div class=\"elementor-element elementor-element-6ed6bae elementor-widget elementor-widget-image\" data-id=\"6ed6bae\" data-element_type=\"widget\" data-e-type=\"widget\" data-widget_type=\"image.default\">\n\t\t\t\t\t\t\t\t\t\t\t\t\t\t\t<img loading=\"lazy\" decoding=\"async\" width=\"1024\" height=\"768\" src=\"https:\/\/saintfargeau2026.fr\/wp-content\/uploads\/2026\/02\/reno-ecole-1024x768.webp\" class=\"attachment-large size-large wp-image-1867\" alt=\"\" srcset=\"https:\/\/saintfargeau2026.fr\/wp-content\/uploads\/2026\/02\/reno-ecole-1024x768.webp 1024w, https:\/\/saintfargeau2026.fr\/wp-content\/uploads\/2026\/02\/reno-ecole-300x225.webp 300w, https:\/\/saintfargeau2026.fr\/wp-content\/uploads\/2026\/02\/reno-ecole-768x576.webp 768w, https:\/\/saintfargeau2026.fr\/wp-content\/uploads\/2026\/02\/reno-ecole-1536x1152.webp 1536w, https:\/\/saintfargeau2026.fr\/wp-content\/uploads\/2026\/02\/reno-ecole-2048x1536.webp 2048w\" sizes=\"(max-width: 1024px) 100vw, 1024px\" \/>\t\t\t\t\t\t\t\t\t\t\t\t\t\t\t<\/div>\n\t\t\t\t<div class=\"elementor-element elementor-element-97d60e2 elementor-widget elementor-widget-text-editor\" data-id=\"97d60e2\" data-element_type=\"widget\" data-e-type=\"widget\" data-widget_type=\"text-editor.default\">\n\t\t\t\t\t\t\t\t\t<p>La r\u00e9novation thermique de l&#8217;\u00e9cole \u00e9l\u00e9mentaire ainsi que de la garderie permet de r\u00e9duire les d\u00e9penses d\u2019\u00e9nergie de la commune. Les \u00e9conomies r\u00e9alis\u00e9es peuvent \u00eatre consacr\u00e9es \u00e0 d\u2019autres projets utiles plut\u00f4t qu\u2019au chauffage des b\u00e2timents.<br>Les subventions publiques peuvent financer plus de la moiti\u00e9 de ce type de projet. En 2026 ces dispositifs ont \u00e9volu\u00e9 et il sera crucial de bien \u00e9tudier le projet afin de valider le cahier des charges environnemental de plus en plus exigeant.<br>Possible \u00e0 horizon 2028, cela am\u00e9liorerait le confort des \u00e9l\u00e8ves et des enseignants : en hiver, elle \u00e9viterait les \u00e9carts de temp\u00e9rature (trop chaud pr\u00e8s des radiateurs, courants d\u2019air ailleurs) et, en \u00e9t\u00e9, elle limiterait la surchauffe des classes.<\/p>\t\t\t\t\t\t\t\t<\/div>\n\t\t\t\t\t<\/div>\n\t\t\t\t<\/div>\n\t\t<div class=\"elementor-element elementor-element-21f41f4 e-flex e-con-boxed e-con e-parent\" data-id=\"21f41f4\" data-element_type=\"container\" data-e-type=\"container\">\n\t\t\t\t\t<div class=\"e-con-inner\">\n\t\t\t\t<div class=\"elementor-element elementor-element-6192eb6 elementor-widget-divider--view-line elementor-widget elementor-widget-divider\" data-id=\"6192eb6\" data-element_type=\"widget\" data-e-type=\"widget\" data-widget_type=\"divider.default\">\n\t\t\t\t\t\t\t<div class=\"elementor-divider\">\n\t\t\t<span class=\"elementor-divider-separator\">\n\t\t\t\t\t\t<\/span>\n\t\t<\/div>\n\t\t\t\t\t\t<\/div>\n\t\t\t\t<div class=\"elementor-element elementor-element-0ee3d9d elementor-widget elementor-widget-heading\" data-id=\"0ee3d9d\" data-element_type=\"widget\" data-e-type=\"widget\" data-widget_type=\"heading.default\">\n\t\t\t\t\t<h2 class=\"elementor-heading-title elementor-size-default\">La coordination des financements pour\nl\u2019ensemble des projets (subventions,\npartenariats, budgets participatifs, etc.)<\/h2>\t\t\t\t<\/div>\n\t\t\t\t<div class=\"elementor-element elementor-element-5220b33 elementor-widget elementor-widget-image\" data-id=\"5220b33\" data-element_type=\"widget\" data-e-type=\"widget\" data-widget_type=\"image.default\">\n\t\t\t\t\t\t\t\t\t\t\t\t\t\t\t<img loading=\"lazy\" decoding=\"async\" width=\"1024\" height=\"768\" src=\"https:\/\/saintfargeau2026.fr\/wp-content\/uploads\/2026\/02\/IMG_7990-1024x768.jpg\" class=\"attachment-large size-large wp-image-1276\" alt=\"\" srcset=\"https:\/\/saintfargeau2026.fr\/wp-content\/uploads\/2026\/02\/IMG_7990-1024x768.jpg 1024w, https:\/\/saintfargeau2026.fr\/wp-content\/uploads\/2026\/02\/IMG_7990-300x225.jpg 300w, https:\/\/saintfargeau2026.fr\/wp-content\/uploads\/2026\/02\/IMG_7990-768x576.jpg 768w, https:\/\/saintfargeau2026.fr\/wp-content\/uploads\/2026\/02\/IMG_7990-1536x1152.jpg 1536w, https:\/\/saintfargeau2026.fr\/wp-content\/uploads\/2026\/02\/IMG_7990-2048x1536.jpg 2048w\" sizes=\"(max-width: 1024px) 100vw, 1024px\" \/>\t\t\t\t\t\t\t\t\t\t\t\t\t\t\t<\/div>\n\t\t\t\t<div class=\"elementor-element elementor-element-8d57149 elementor-widget elementor-widget-text-editor\" data-id=\"8d57149\" data-element_type=\"widget\" data-e-type=\"widget\" data-widget_type=\"text-editor.default\">\n\t\t\t\t\t\t\t\t\t<p>Nous maintiendrons une veille active sur l\u2019ensemble des dispositifs d\u2019aides publiques (\u00c9tat, R\u00e9gion, D\u00e9partement, Europe) afin de maximiser l&#8217;obtention de subventions pour chaque projet (ex: r\u00e9novation thermique de l&#8217;\u00e9cole). De plus, nous d\u00e9velopperons des partenariats avec les acteurs priv\u00e9s et \u00e9tudierons la mise en place de budgets participatifs pour impliquer davantage les habitants dans le financement de projets locaux.<\/p>\t\t\t\t\t\t\t\t<\/div>\n\t\t\t\t\t<\/div>\n\t\t\t\t<\/div>\n\t\t<div class=\"elementor-element elementor-element-99252e8 e-flex e-con-boxed e-con e-parent\" data-id=\"99252e8\" data-element_type=\"container\" data-e-type=\"container\">\n\t\t\t\t\t<div class=\"e-con-inner\">\n\t\t\t\t<div class=\"elementor-element elementor-element-3b54691 elementor-widget-divider--view-line elementor-widget elementor-widget-divider\" data-id=\"3b54691\" data-element_type=\"widget\" data-e-type=\"widget\" data-widget_type=\"divider.default\">\n\t\t\t\t\t\t\t<div class=\"elementor-divider\">\n\t\t\t<span class=\"elementor-divider-separator\">\n\t\t\t\t\t\t<\/span>\n\t\t<\/div>\n\t\t\t\t\t\t<\/div>\n\t\t\t\t<div class=\"elementor-element elementor-element-e6e8f58 elementor-widget elementor-widget-heading\" data-id=\"e6e8f58\" data-element_type=\"widget\" data-e-type=\"widget\" data-widget_type=\"heading.default\">\n\t\t\t\t\t<h2 class=\"elementor-heading-title elementor-size-default\">La gestion des recettes et la coordination des financements pour l'ensemble des projets<\/h2>\t\t\t\t<\/div>\n\t\t\t\t<div class=\"elementor-element elementor-element-1155c6d elementor-widget elementor-widget-image\" data-id=\"1155c6d\" data-element_type=\"widget\" data-e-type=\"widget\" data-widget_type=\"image.default\">\n\t\t\t\t\t\t\t\t\t\t\t\t\t\t\t<img loading=\"lazy\" decoding=\"async\" width=\"1024\" height=\"561\" src=\"https:\/\/saintfargeau2026.fr\/wp-content\/uploads\/2026\/02\/toiture-gymnase-1024x561.webp\" class=\"attachment-large size-large wp-image-1540\" alt=\"\" srcset=\"https:\/\/saintfargeau2026.fr\/wp-content\/uploads\/2026\/02\/toiture-gymnase-1024x561.webp 1024w, https:\/\/saintfargeau2026.fr\/wp-content\/uploads\/2026\/02\/toiture-gymnase-300x164.webp 300w, https:\/\/saintfargeau2026.fr\/wp-content\/uploads\/2026\/02\/toiture-gymnase-768x421.webp 768w, https:\/\/saintfargeau2026.fr\/wp-content\/uploads\/2026\/02\/toiture-gymnase-1536x842.webp 1536w, https:\/\/saintfargeau2026.fr\/wp-content\/uploads\/2026\/02\/toiture-gymnase-2048x1123.webp 2048w, https:\/\/saintfargeau2026.fr\/wp-content\/uploads\/2026\/02\/toiture-gymnase-scaled.webp 1920w\" sizes=\"(max-width: 1024px) 100vw, 1024px\" \/>\t\t\t\t\t\t\t\t\t\t\t\t\t\t\t<\/div>\n\t\t\t\t<div class=\"elementor-element elementor-element-8c99ddc elementor-widget elementor-widget-text-editor\" data-id=\"8c99ddc\" data-element_type=\"widget\" data-e-type=\"widget\" data-widget_type=\"text-editor.default\">\n\t\t\t\t\t\t\t\t\t<p>La r\u00e9ussite et la p\u00e9rennit\u00e9 de notre programme 2026-2033 reposent sur une gestion financi\u00e8re rigoureuse. Nous assurerons un suivi constant des d\u00e9penses et des recettes. Une attention particuli\u00e8re sera port\u00e9e \u00e0 l&#8217;optimisation des ressources existantes et \u00e0 la recherche de nouvelles sources de financement. Notamment par l&#8217;exploitation des recettes li\u00e9es \u00e0 la mise \u00e0 disposition de locaux, d&#8217;aires de camping-car payantes, comme pr\u00e9vu dans le cadre du plan d&#8217;am\u00e9nagement (ancienne HLM). Mais \u00e9galement dans le cadre des \u00e9conomies d&#8217;\u00e9nergie obtenues par l&#8217;investissement dans deux chaufferies bois et l&#8217;implantation future de panneaux photovolta\u00efques sur les toitures du gymnase Jean de Herdt et de la nouvelle chaufferie.<\/p>\t\t\t\t\t\t\t\t<\/div>\n\t\t\t\t\t<\/div>\n\t\t\t\t<\/div>\n\t\t\t\t<\/div>\n\t\t","protected":false},"excerpt":{"rendered":"<p>FINANCES &amp; \u00c9CONOMIE La gestion des recettes li\u00e9es \u00e0 la mise \u00e0 disposition de locaux, terrains ainsi que des aires [&hellip;]<\/p>\n","protected":false},"author":1,"featured_media":0,"parent":0,"menu_order":0,"comment_status":"closed","ping_status":"closed","template":"","meta":{"site-sidebar-layout":"no-sidebar","site-content-layout":"","ast-site-content-layout":"full-width-container","site-content-style":"default","site-sidebar-style":"default","ast-global-header-display":"","ast-banner-title-visibility":"","ast-main-header-display":"","ast-hfb-above-header-display":"","ast-hfb-below-header-display":"","ast-hfb-mobile-header-display":"","site-post-title":"disabled","ast-breadcrumbs-content":"","ast-featured-img":"disabled","footer-sml-layout":"","ast-disable-related-posts":"","theme-transparent-header-meta":"","adv-header-id-meta":"","stick-header-meta":"","header-above-stick-meta":"","header-main-stick-meta":"","header-below-stick-meta":"","astra-migrate-meta-layouts":"default","ast-page-background-enabled":"default","ast-page-background-meta":{"desktop":{"background-color":"var(--ast-global-color-5)","background-image":"","background-repeat":"repeat","background-position":"center center","background-size":"auto","background-attachment":"scroll","background-type":"","background-media":"","overlay-type":"","overlay-color":"","overlay-opacity":"","overlay-gradient":""},"tablet":{"background-color":"","background-image":"","background-repeat":"repeat","background-position":"center center","background-size":"auto","background-attachment":"scroll","background-type":"","background-media":"","overlay-type":"","overlay-color":"","overlay-opacity":"","overlay-gradient":""},"mobile":{"background-color":"","background-image":"","background-repeat":"repeat","background-position":"center center","background-size":"auto","background-attachment":"scroll","background-type":"","background-media":"","overlay-type":"","overlay-color":"","overlay-opacity":"","overlay-gradient":""}},"ast-content-background-meta":{"desktop":{"background-color":"var(--ast-global-color-4)","background-image":"","background-repeat":"repeat","background-position":"center center","background-size":"auto","background-attachment":"scroll","background-type":"","background-media":"","overlay-type":"","overlay-color":"","overlay-opacity":"","overlay-gradient":""},"tablet":{"background-color":"var(--ast-global-color-4)","background-image":"","background-repeat":"repeat","background-position":"center center","background-size":"auto","background-attachment":"scroll","background-type":"","background-media":"","overlay-type":"","overlay-color":"","overlay-opacity":"","overlay-gradient":""},"mobile":{"background-color":"var(--ast-global-color-4)","background-image":"","background-repeat":"repeat","background-position":"center center","background-size":"auto","background-attachment":"scroll","background-type":"","background-media":"","overlay-type":"","overlay-color":"","overlay-opacity":"","overlay-gradient":""}},"footnotes":""},"class_list":["post-564","page","type-page","status-publish","hentry"],"jetpack_sharing_enabled":true,"_links":{"self":[{"href":"https:\/\/saintfargeau2026.fr\/index.php\/wp-json\/wp\/v2\/pages\/564","targetHints":{"allow":["GET"]}}],"collection":[{"href":"https:\/\/saintfargeau2026.fr\/index.php\/wp-json\/wp\/v2\/pages"}],"about":[{"href":"https:\/\/saintfargeau2026.fr\/index.php\/wp-json\/wp\/v2\/types\/page"}],"author":[{"embeddable":true,"href":"https:\/\/saintfargeau2026.fr\/index.php\/wp-json\/wp\/v2\/users\/1"}],"replies":[{"embeddable":true,"href":"https:\/\/saintfargeau2026.fr\/index.php\/wp-json\/wp\/v2\/comments?post=564"}],"version-history":[{"count":89,"href":"https:\/\/saintfargeau2026.fr\/index.php\/wp-json\/wp\/v2\/pages\/564\/revisions"}],"predecessor-version":[{"id":2088,"href":"https:\/\/saintfargeau2026.fr\/index.php\/wp-json\/wp\/v2\/pages\/564\/revisions\/2088"}],"wp:attachment":[{"href":"https:\/\/saintfargeau2026.fr\/index.php\/wp-json\/wp\/v2\/media?parent=564"}],"curies":[{"name":"wp","href":"https:\/\/api.w.org\/{rel}","templated":true}]}}